{"id":503,"date":"2023-11-27T17:28:35","date_gmt":"2023-11-27T17:28:35","guid":{"rendered":"https:\/\/biosferacaboverde.com\/fogo\/?page_id=503"},"modified":"2024-02-02T17:59:26","modified_gmt":"2024-02-02T17:59:26","slug":"empresas-local","status":"publish","type":"page","link":"https:\/\/biosferacaboverde.com\/fogo\/intro\/participe\/empresas-local\/","title":{"rendered":"Empresas Locais"},"content":{"rendered":"\t\t<div data-elementor-type=\"wp-page\" data-elementor-id=\"503\" class=\"elementor elementor-503\" data-elementor-post-type=\"page\">\n\t\t\t\t<div class=\"elementor-element elementor-element-362ecb8d e-flex e-con-boxed e-con e-parent\" data-id=\"362ecb8d\" data-element_type=\"container\" data-settings=\"{&quot;background_background&quot;:&quot;classic&quot;}\">\n\t\t\t\t\t<div class=\"e-con-inner\">\n\t\t\t\t<div class=\"elementor-element elementor-element-6ca80bb8 elementor-widget elementor-widget-heading\" data-id=\"6ca80bb8\" data-element_type=\"widget\" data-widget_type=\"heading.default\">\n\t\t\t\t\t<h2 class=\"elementor-heading-title elementor-size-default\">Empresas Locais<\/h2>\t\t\t\t<\/div>\n\t\t\t\t\t<\/div>\n\t\t\t\t<\/div>\n\t\t<div class=\"elementor-element elementor-element-6c9c8c56 e-flex e-con-boxed e-con e-parent\" data-id=\"6c9c8c56\" data-element_type=\"container\">\n\t\t\t\t\t<div class=\"e-con-inner\">\n\t\t\t\t<div class=\"elementor-element elementor-element-a71967b elementor-widget elementor-widget-heading\" data-id=\"a71967b\" data-element_type=\"widget\" data-widget_type=\"heading.default\">\n\t\t\t\t\t<h2 class=\"elementor-heading-title elementor-size-default\">Uma celebra\u00e7\u00e3o da vitalidade e diversidade do nosso com\u00e9rcio, uma pe\u00e7a fundamental na tape\u00e7aria da vida da ilha<\/h2>\t\t\t\t<\/div>\n\t\t\t\t<div class=\"elementor-element elementor-element-162c9427 elementor-widget elementor-widget-text-editor\" data-id=\"162c9427\" data-element_type=\"widget\" data-widget_type=\"text-editor.default\">\n\t\t\t\t\t\t\t\t\t<p>Destacamos a import\u00e2ncia dos neg\u00f3cios locais na constru\u00e7\u00e3o de uma comunidade forte e sustent\u00e1vel. Partilhamos tamb\u00e9m hist\u00f3rias, oportunidades e iniciativas que demonstram como o com\u00e9rcio local pode prosperar em harmonia com a preserva\u00e7\u00e3o da nossa biosfera. Juntos, fortalecemos a economia da Ilha do Fogo, apoiando as pr\u00e1ticas que respeitam o nosso meio ambiente.<\/p>\t\t\t\t\t\t\t\t<\/div>\n\t\t\t\t\t<\/div>\n\t\t\t\t<\/div>\n\t\t<div class=\"elementor-element elementor-element-3bb28446 e-flex e-con-boxed e-con e-parent\" data-id=\"3bb28446\" data-element_type=\"container\">\n\t\t\t\t\t<div class=\"e-con-inner\">\n\t\t\t\t<div class=\"elementor-element elementor-element-4ab3e2d1 elementor-grid-3 elementor-grid-tablet-2 elementor-grid-mobile-1 elementor-posts--thumbnail-top elementor-widget elementor-widget-posts\" data-id=\"4ab3e2d1\" data-element_type=\"widget\" data-settings=\"{&quot;classic_columns&quot;:&quot;3&quot;,&quot;classic_columns_tablet&quot;:&quot;2&quot;,&quot;classic_columns_mobile&quot;:&quot;1&quot;,&quot;classic_row_gap&quot;:{&quot;unit&quot;:&quot;px&quot;,&quot;size&quot;:35,&quot;sizes&quot;:[]},&quot;classic_row_gap_tablet&quot;:{&quot;unit&quot;:&quot;px&quot;,&quot;size&quot;:&quot;&quot;,&quot;sizes&quot;:[]},&quot;classic_row_gap_mobile&quot;:{&quot;unit&quot;:&quot;px&quot;,&quot;size&quot;:&quot;&quot;,&quot;sizes&quot;:[]}}\" data-widget_type=\"posts.classic\">\n\t\t\t\t<div class=\"elementor-widget-container\">\n\t\t\t\t\t\t\t<div class=\"elementor-posts-container elementor-posts elementor-posts--skin-classic elementor-grid\">\n\t\t\t\t<article class=\"elementor-post elementor-grid-item post-509 post type-post status-publish format-standard has-post-thumbnail hentry category-empresas-local category-noticia\">\n\t\t\t\t<a class=\"elementor-post__thumbnail__link\" href=\"https:\/\/biosferacaboverde.com\/fogo\/descubra-as-maravilhas-das-lojas-locais-do-fogo\/\" tabindex=\"-1\" >\n\t\t\t<div class=\"elementor-post__thumbnail\"><img fetchpriority=\"high\" decoding=\"async\" width=\"300\" height=\"199\" src=\"https:\/\/biosferacaboverde.com\/fogo\/wp-content\/uploads\/2023\/11\/DSC_4763-300x199.jpg\" class=\"attachment-medium size-medium wp-image-642\" alt=\"\" srcset=\"https:\/\/biosferacaboverde.com\/fogo\/wp-content\/uploads\/2023\/11\/DSC_4763-300x199.jpg 300w, https:\/\/biosferacaboverde.com\/fogo\/wp-content\/uploads\/2023\/11\/DSC_4763-1024x678.jpg 1024w, https:\/\/biosferacaboverde.com\/fogo\/wp-content\/uploads\/2023\/11\/DSC_4763-768x509.jpg 768w, https:\/\/biosferacaboverde.com\/fogo\/wp-content\/uploads\/2023\/11\/DSC_4763-1536x1017.jpg 1536w, https:\/\/biosferacaboverde.com\/fogo\/wp-content\/uploads\/2023\/11\/DSC_4763-2048x1356.jpg 2048w\" sizes=\"(max-width: 300px) 100vw, 300px\" \/><\/div>\n\t\t<\/a>\n\t\t\t\t<div class=\"elementor-post__text\">\n\t\t\t\t<h3 class=\"elementor-post__title\">\n\t\t\t<a href=\"https:\/\/biosferacaboverde.com\/fogo\/descubra-as-maravilhas-das-lojas-locais-do-fogo\/\" >\n\t\t\t\tDescubra as Maravilhas das Lojas Locais do Fogo\t\t\t<\/a>\n\t\t<\/h3>\n\t\t\t\t<div class=\"elementor-post__meta-data\">\n\t\t\t\t\t<span class=\"elementor-post-date\">\n\t\t\tNovembro 27, 2023\t\t<\/span>\n\t\t\t\t<span class=\"elementor-post-avatar\">\n\t\t\tSem coment\u00e1rios\t\t<\/span>\n\t\t\t\t<\/div>\n\t\t\t\t<div class=\"elementor-post__excerpt\">\n\t\t\t<p>Explorar as lojas locais da Ilha do Fogo \u00e9 descobrir um mundo de produtos \u00fanicos, cheios de hist\u00f3ria e tradi\u00e7\u00e3o. Este artigo destaca a riqueza e diversidade das lojas da ilha, desde artesanato tradicional a produtos gastron\u00f3micos aut\u00eanticos. Ao comprar nas lojas locais, os visitantes e moradores n\u00e3o s\u00f3 adquirem produtos de qualidade, mas tamb\u00e9m apoiam a economia local e os pequenos empreendedores. Cada compra \u00e9 um passo para fortalecer a comunidade e preservar a identidade cultural da Ilha do Fogo. Visitar as lojas locais \u00e9 uma forma de viver a verdadeira ess\u00eancia da ilha e contribuir para a sua sustentabilidade.<\/p>\n\t\t<\/div>\n\t\t\n\t\t<a class=\"elementor-post__read-more\" href=\"https:\/\/biosferacaboverde.com\/fogo\/descubra-as-maravilhas-das-lojas-locais-do-fogo\/\" aria-label=\"Read more about Descubra as Maravilhas das Lojas Locais do Fogo\" tabindex=\"-1\" >\n\t\t\tLer mais \u00bb\t\t<\/a>\n\n\t\t\t\t<\/div>\n\t\t\t\t<\/article>\n\t\t\t\t<article class=\"elementor-post elementor-grid-item post-502 post type-post status-publish format-standard has-post-thumbnail hentry category-empresas-local category-noticia\">\n\t\t\t\t<a class=\"elementor-post__thumbnail__link\" href=\"https:\/\/biosferacaboverde.com\/fogo\/torne-se-um-parceiro-de-negocios-da-biosfera-do-fogo\/\" tabindex=\"-1\" >\n\t\t\t<div class=\"elementor-post__thumbnail\"><img decoding=\"async\" width=\"300\" height=\"200\" src=\"https:\/\/biosferacaboverde.com\/fogo\/wp-content\/uploads\/2023\/10\/aerial-view-cidade-velha-city-in-santiago-cape-2021-09-02-12-43-23-utc-1-300x200.jpg\" class=\"attachment-medium size-medium wp-image-377\" alt=\"\" srcset=\"https:\/\/biosferacaboverde.com\/fogo\/wp-content\/uploads\/2023\/10\/aerial-view-cidade-velha-city-in-santiago-cape-2021-09-02-12-43-23-utc-1-300x200.jpg 300w, https:\/\/biosferacaboverde.com\/fogo\/wp-content\/uploads\/2023\/10\/aerial-view-cidade-velha-city-in-santiago-cape-2021-09-02-12-43-23-utc-1-1024x682.jpg 1024w, https:\/\/biosferacaboverde.com\/fogo\/wp-content\/uploads\/2023\/10\/aerial-view-cidade-velha-city-in-santiago-cape-2021-09-02-12-43-23-utc-1-768x511.jpg 768w, https:\/\/biosferacaboverde.com\/fogo\/wp-content\/uploads\/2023\/10\/aerial-view-cidade-velha-city-in-santiago-cape-2021-09-02-12-43-23-utc-1-1536x1023.jpg 1536w, https:\/\/biosferacaboverde.com\/fogo\/wp-content\/uploads\/2023\/10\/aerial-view-cidade-velha-city-in-santiago-cape-2021-09-02-12-43-23-utc-1-2048x1364.jpg 2048w\" sizes=\"(max-width: 300px) 100vw, 300px\" \/><\/div>\n\t\t<\/a>\n\t\t\t\t<div class=\"elementor-post__text\">\n\t\t\t\t<h3 class=\"elementor-post__title\">\n\t\t\t<a href=\"https:\/\/biosferacaboverde.com\/fogo\/torne-se-um-parceiro-de-negocios-da-biosfera-do-fogo\/\" >\n\t\t\t\tTorne-se um Parceiro de Neg\u00f3cios da Biosfera do Fogo\t\t\t<\/a>\n\t\t<\/h3>\n\t\t\t\t<div class=\"elementor-post__meta-data\">\n\t\t\t\t\t<span class=\"elementor-post-date\">\n\t\t\tNovembro 27, 2023\t\t<\/span>\n\t\t\t\t<span class=\"elementor-post-avatar\">\n\t\t\tSem coment\u00e1rios\t\t<\/span>\n\t\t\t\t<\/div>\n\t\t\t\t<div class=\"elementor-post__excerpt\">\n\t\t\t<p>Na Ilha do Fogo, empresas de todos os tamanhos t\u00eam a oportunidade de se tornarem parceiros de neg\u00f3cios da biosfera, contribuindo para um desenvolvimento econ\u00f3mico sustent\u00e1vel. Este programa visa unir o setor comercial e a conserva\u00e7\u00e3o ambiental, promovendo pr\u00e1ticas de neg\u00f3cios que respeitam a natureza e a cultura da ilha. Ao tornar-se um parceiro, as empresas podem beneficiar-se de uma rede de apoio, partilha de conhecimentos e promo\u00e7\u00e3o conjunta. Esta iniciativa n\u00e3o s\u00f3 melhora a visibilidade e a sustentabilidade dos neg\u00f3cios locais, mas tamb\u00e9m contribui diretamente para a preserva\u00e7\u00e3o do nosso patrim\u00f3nio natural e cultural.<\/p>\n\t\t<\/div>\n\t\t\n\t\t<a class=\"elementor-post__read-more\" href=\"https:\/\/biosferacaboverde.com\/fogo\/torne-se-um-parceiro-de-negocios-da-biosfera-do-fogo\/\" aria-label=\"Read more about Torne-se um Parceiro de Neg\u00f3cios da Biosfera do Fogo\" tabindex=\"-1\" >\n\t\t\tLer mais \u00bb\t\t<\/a>\n\n\t\t\t\t<\/div>\n\t\t\t\t<\/article>\n\t\t\t\t<\/div>\n\t\t\n\t\t\t\t\t\t<\/div>\n\t\t\t\t<\/div>\n\t\t\t\t\t<\/div>\n\t\t\t\t<\/div>\n\t\t<div class=\"elementor-element elementor-element-76099775 e-flex e-con-boxed e-con e-parent\" data-id=\"76099775\" data-element_type=\"container\" data-settings=\"{&quot;background_background&quot;:&quot;classic&quot;}\">\n\t\t\t\t\t<div class=\"e-con-inner\">\n\t\t\t\t<div class=\"elementor-element elementor-element-1592ae55 elementor-widget elementor-widget-heading\" data-id=\"1592ae55\" data-element_type=\"widget\" data-widget_type=\"heading.default\">\n\t\t\t\t\t<h2 class=\"elementor-heading-title elementor-size-default\">Criando as condi\u00e7\u00f5es para que as pessoas e a natureza prosperem juntas<\/h2>\t\t\t\t<\/div>\n\t\t\t\t<div class=\"elementor-element elementor-element-6ca64265 elementor-widget elementor-widget-button\" data-id=\"6ca64265\" data-element_type=\"widget\" data-widget_type=\"button.default\">\n\t\t\t\t\t\t\t\t\t\t<a class=\"elementor-button elementor-button-link elementor-size-sm\" href=\"https:\/\/biosferacaboverde.com\/fogo\/reserva\/\">\n\t\t\t\t\t\t<span class=\"elementor-button-content-wrapper\">\n\t\t\t\t\t\t\t\t\t<span class=\"elementor-button-text\">Sobre a Reserva<\/span>\n\t\t\t\t\t<\/span>\n\t\t\t\t\t<\/a>\n\t\t\t\t\t\t\t\t<\/div>\n\t\t\t\t\t<\/div>\n\t\t\t\t<\/div>\n\t\t\t\t<\/div>\n\t\t","protected":false},"excerpt":{"rendered":"<p>A import\u00e2ncia dos neg\u00f3cios locais na constru\u00e7\u00e3o de uma comunidade forte e sustent\u00e1vel. Partilhamos tamb\u00e9m hist\u00f3rias, oportunidades e iniciativas que demonstram como o com\u00e9rcio local pode prosperar em harmonia com a preserva\u00e7\u00e3o da nossa biosfera. Juntos, fortalecemos a economia da Ilha do Fogo, apoiando as pr\u00e1ticas que respeitam o nosso meio ambiente.<\/p>\n","protected":false},"author":1,"featured_media":369,"parent":57,"menu_order":6,"comment_status":"closed","ping_status":"closed","template":"","meta":{"footnotes":""},"class_list":["post-503","page","type-page","status-publish","has-post-thumbnail","hentry"],"_links":{"self":[{"href":"https:\/\/biosferacaboverde.com\/fogo\/wp-json\/wp\/v2\/pages\/503","targetHints":{"allow":["GET"]}}],"collection":[{"href":"https:\/\/biosferacaboverde.com\/fogo\/wp-json\/wp\/v2\/pages"}],"about":[{"href":"https:\/\/biosferacaboverde.com\/fogo\/wp-json\/wp\/v2\/types\/page"}],"author":[{"embeddable":true,"href":"https:\/\/biosferacaboverde.com\/fogo\/wp-json\/wp\/v2\/users\/1"}],"replies":[{"embeddable":true,"href":"https:\/\/biosferacaboverde.com\/fogo\/wp-json\/wp\/v2\/comments?post=503"}],"version-history":[{"count":8,"href":"https:\/\/biosferacaboverde.com\/fogo\/wp-json\/wp\/v2\/pages\/503\/revisions"}],"predecessor-version":[{"id":785,"href":"https:\/\/biosferacaboverde.com\/fogo\/wp-json\/wp\/v2\/pages\/503\/revisions\/785"}],"up":[{"embeddable":true,"href":"https:\/\/biosferacaboverde.com\/fogo\/wp-json\/wp\/v2\/pages\/57"}],"wp:featuredmedia":[{"embeddable":true,"href":"https:\/\/biosferacaboverde.com\/fogo\/wp-json\/wp\/v2\/media\/369"}],"wp:attachment":[{"href":"https:\/\/biosferacaboverde.com\/fogo\/wp-json\/wp\/v2\/media?parent=503"}],"curies":[{"name":"wp","href":"https:\/\/api.w.org\/{rel}","templated":true}]}}